{"id":5,"date":"2019-09-24T14:59:33","date_gmt":"2019-09-24T14:59:33","guid":{"rendered":"https:\/\/herbstfest-bullingerplatz.ch\/?page_id=5"},"modified":"2023-09-01T10:01:19","modified_gmt":"2023-09-01T09:01:19","slug":"geschichte","status":"publish","type":"page","link":"https:\/\/herbstfest-bullingerplatz.ch\/index.php\/geschichte\/","title":{"rendered":"Geschichte"},"content":{"rendered":"<figure id=\"attachment_87\" aria-describedby=\"caption-attachment-87\" style=\"width: 768px\" class=\"wp-caption alignnone\"><img fetchpriority=\"high\" decoding=\"async\" class=\"wp-image-87 size-full\" src=\"https:\/\/herbstfest-bullingerplatz.ch\/wp-content\/uploads\/2019\/09\/Bullinger.jpg\" alt=\"Brunnen Bullingerplatz\" width=\"768\" height=\"576\" srcset=\"https:\/\/herbstfest-bullingerplatz.ch\/wp-content\/uploads\/2019\/09\/Bullinger.jpg 768w, https:\/\/herbstfest-bullingerplatz.ch\/wp-content\/uploads\/2019\/09\/Bullinger-300x225.jpg 300w\" sizes=\"(max-width: 768px) 100vw, 768px\" \/><figcaption id=\"caption-attachment-87\" class=\"wp-caption-text\">Bullingerplatz\/Bullingerbrunnen Copyright \u00a9 2019 \u2013 F.Taiana (TAF)<\/figcaption><\/figure>\n<h3 class=\"western\" lang=\"de-DE\"><span style=\"font-family: helvetica, arial, sans-serif;\"><span style=\"font-size: large;\">Geschichte zur Entstehung des Bullingerplatzes<\/span><\/span><\/h3>\n<p class=\"western\" lang=\"de-DE\" align=\"justify\"><span style=\"font-family: helvetica, arial, sans-serif;\"><span style=\"font-size: medium;\">Der Bullingerplatz entstand in der Zwischenkriegszeit im Rahmen einer neuen Quartierentwicklung, Gleichzeitg entstanden im Quartier, aufgrund der damals herrschenden Wohnungsnot, grosse Wohnh\u00f6fe mit kosteng\u00fcnstigen Wohnungen durch verschiedene Baugenossenschaften.<\/span><\/span><\/p>\n<p class=\"western\" lang=\"de-DE\" align=\"justify\"><span style=\"font-family: helvetica, arial, sans-serif;\"><span style=\"font-size: medium;\">Der Bullingerplatz mit seinem Brunnen ist der Mittelpunkt des etwa 500 mal 500 Meter messenden Areals zwischen der Badener-, Hard-, Hohl- und Seebahnstrasse. Die sternf\u00f6rmige Strassenf\u00fchrung zum Bullingerplatz basiert auf dem Schema der Renaissance. <\/span><\/span><\/p>\n<p class=\"western\" lang=\"de-DE\" align=\"justify\"><span style=\"font-family: helvetica, arial, sans-serif;\"><span style=\"font-size: medium;\">Mit der steigenden Mobilit\u00e4t der Bev\u00f6lkerung sowie der st\u00e4dtischen Verkehrsplanung war das Quartier Hard \u00fcber 40 Jahre mit der &#171;Westangente&#187; vom Autoverkehr stark belastet.<\/span><\/span><\/p>\n<h3 class=\"western\" lang=\"de-DE\"><span style=\"font-family: helvetica, arial, sans-serif;\"><span style=\"font-size: large;\">Start zum Herbstfest<\/span><\/span><\/h3>\n<p><span style=\"font-size: 16px; font-family: helvetica, arial, sans-serif;\"><span lang=\"de-DE\">Der\u00a0<\/span><a class=\"western\" href=\"https:\/\/8004.ch\/\" target=\"_blank\" rel=\"noopener noreferrer\"><span style=\"color: #0000ff;\"><span lang=\"de-DE\">Quartierverein Aussersihl-Hard<\/span><\/span><\/a><span lang=\"de-DE\"> und die beiden im Quartier ans\u00e4ssigen Kirchen (<\/span><a href=\"https:\/\/reformiert-zuerich.ch\/-4\/kirchenkreis-4--5\/aktuell~1718\/sie-erreichen-uns-wie-folgt\/39605\/\" target=\"_blank\" rel=\"noopener noreferrer\"><span style=\"color: #0000ff;\"><span lang=\"de-DE\">Hard &#171;Bullinger<\/span><\/span><\/a><span lang=\"de-DE\">&#187; &amp; <\/span><a class=\"western\" href=\"https:\/\/www.felixundregula.ch\/\" target=\"_blank\" rel=\"noopener noreferrer\"><span style=\"color: #0000ff;\"><span lang=\"de-DE\">St. Felix und Regula<\/span><\/span><\/a><span lang=\"de-DE\">) haben 2010 die Initiative ergriffen und erstmals das Herbstfest auf dem Vorplatz der evl-ref. Kirche Hard durchgef\u00fchrt. Nur 2011 musste, aufgrund der schlechten Witterung, dass Herbstfest jedoch kurzfristig aufs Areal des <\/span><a class=\"western\" href=\"https:\/\/www.stadt-zuerich.ch\/schulen\/de\/sihlfeld.html\" target=\"_blank\" rel=\"noopener noreferrer\"><span style=\"color: #0000ff;\"><span lang=\"de-DE\">Schulhauses Sihlfeld<\/span><\/span><\/a><span lang=\"de-DE\"> ausgelagert werden. Seit 2012 findet das Herbstfest auf dem Bullingerplatz statt. Bis 2019 fand es als 2-t\u00e4giges Fest auf dem Bullingerplatz statt<\/span>\u00a0und wird seit 2022 als 1-t\u00e4giges Fest durchgef\u00fchrt.<\/span><\/p>\n<p class=\"western\" lang=\"de-DE\" align=\"justify\"><span style=\"font-size: 16px;\"><a href=\"https:\/\/herbstfest-bullingerplatz.ch\/wp-content\/uploads\/2023\/09\/Flyer_Herbstfest_2023_PRINT-1.pdf\" target=\"_blank\" rel=\"noopener\">Programmflyer<\/a><\/span><\/p>\n<p class=\"western\" lang=\"de-DE\"><a class=\"western\" href=\"https:\/\/de.wikipedia.org\/wiki\/Bullingerplatz_(Z%C3%BCrich)\" target=\"_blank\" rel=\"noopener noreferrer\"><span style=\"color: #0000ff;\"><span style=\"font-family: helvetica, arial, sans-serif;\"><span style=\"font-size: medium;\">Geschichte zum Bullingerplatz<\/span><\/span><\/span><\/a><\/p>\n<p class=\"western\" lang=\"de-DE\"><a class=\"western\" href=\"https:\/\/begegnungszonen.ch\/zuerich-bullingerplatz\/\" target=\"_blank\" rel=\"noopener noreferrer\"><span style=\"color: #0000ff;\"><span style=\"font-family: helvetica, arial, sans-serif;\"><span style=\"font-size: medium;\">Begegnungszone Bullinger<\/span><\/span><\/span><\/a><\/p>\n<p class=\"western\" lang=\"de-DE\"><a class=\"western\" href=\"https:\/\/flaneurdor.ch\/hautpreis-2014\/\" target=\"_blank\" rel=\"noopener noreferrer\"><span style=\"color: #0000ff;\"><span style=\"font-family: helvetica, arial, sans-serif;\"><span style=\"font-size: medium;\">Fl\u00e2neur d&#8217;Or 2014\u00bb<\/span><\/span><\/span><\/a><\/p>\n","protected":false},"excerpt":{"rendered":"<p>Geschichte zur Entstehung des Bullingerplatzes Der Bullingerplatz entstand in der Zwischenkriegszeit im Rahmen einer neuen Quartierentwicklung, Gleichzeitg entstanden im Quartier, aufgrund der damals herrschenden Wohnungsnot, grosse Wohnh\u00f6fe mit kosteng\u00fcnstigen Wohnungen durch verschiedene Baugenossenschaften. Der Bullingerplatz mit seinem Brunnen ist der Mittelpunkt des etwa 500 mal 500 Meter messenden Areals zwischen der Badener-, Hard-, Hohl- und Seebahnstrasse. Die sternf\u00f6rmige Strassenf\u00fchrung zum&#46;&#46;&#46;<\/p>\n","protected":false},"author":1,"featured_media":0,"parent":0,"menu_order":0,"comment_status":"closed","ping_status":"closed","template":"","meta":{"footnotes":""},"class_list":["post-5","page","type-page","status-publish","hentry"],"yoast_head":"<!-- This site is optimized with the Yoast SEO plugin v27.4 - https:\/\/yoast.com\/product\/yoast-seo-wordpress\/ -->\n<title>Geschichte - Herbstfest Bullingerplatz<\/title>\n<meta name=\"robots\" content=\"index, follow, max-snippet:-1, max-image-preview:large, max-video-preview:-1\" \/>\n<link rel=\"canonical\" href=\"https:\/\/herbstfest-bullingerplatz.ch\/index.php\/geschichte\/\" \/>\n<meta property=\"og:locale\" content=\"de_DE\" \/>\n<meta property=\"og:type\" content=\"article\" \/>\n<meta property=\"og:title\" content=\"Geschichte - Herbstfest Bullingerplatz\" \/>\n<meta property=\"og:description\" content=\"Geschichte zur Entstehung des Bullingerplatzes Der Bullingerplatz entstand in der Zwischenkriegszeit im Rahmen einer neuen Quartierentwicklung, Gleichzeitg entstanden im Quartier, aufgrund der damals herrschenden Wohnungsnot, grosse Wohnh\u00f6fe mit kosteng\u00fcnstigen Wohnungen durch verschiedene Baugenossenschaften. Der Bullingerplatz mit seinem Brunnen ist der Mittelpunkt des etwa 500 mal 500 Meter messenden Areals zwischen der Badener-, Hard-, Hohl- und Seebahnstrasse. Die sternf\u00f6rmige Strassenf\u00fchrung zum&#046;&#046;&#046;\" \/>\n<meta property=\"og:url\" content=\"https:\/\/herbstfest-bullingerplatz.ch\/index.php\/geschichte\/\" \/>\n<meta property=\"og:site_name\" content=\"Herbstfest Bullingerplatz\" \/>\n<meta property=\"article:publisher\" content=\"https:\/\/www.facebook.com\/herbstfestbullingerplatz\/\" \/>\n<meta property=\"article:modified_time\" content=\"2023-09-01T09:01:19+00:00\" \/>\n<meta property=\"og:image\" content=\"https:\/\/herbstfest-bullingerplatz.ch\/wp-content\/uploads\/2019\/09\/Bullinger.jpg\" \/>\n<meta name=\"twitter:card\" content=\"summary_large_image\" \/>\n<meta name=\"twitter:label1\" content=\"Gesch\u00e4tzte Lesezeit\" \/>\n\t<meta name=\"twitter:data1\" content=\"2\u00a0Minuten\" \/>\n<script type=\"application\/ld+json\" class=\"yoast-schema-graph\">{\"@context\":\"https:\\\/\\\/schema.org\",\"@graph\":[{\"@type\":\"WebPage\",\"@id\":\"https:\\\/\\\/herbstfest-bullingerplatz.ch\\\/index.php\\\/geschichte\\\/\",\"url\":\"https:\\\/\\\/herbstfest-bullingerplatz.ch\\\/index.php\\\/geschichte\\\/\",\"name\":\"Geschichte - Herbstfest Bullingerplatz\",\"isPartOf\":{\"@id\":\"https:\\\/\\\/herbstfest-bullingerplatz.ch\\\/#website\"},\"primaryImageOfPage\":{\"@id\":\"https:\\\/\\\/herbstfest-bullingerplatz.ch\\\/index.php\\\/geschichte\\\/#primaryimage\"},\"image\":{\"@id\":\"https:\\\/\\\/herbstfest-bullingerplatz.ch\\\/index.php\\\/geschichte\\\/#primaryimage\"},\"thumbnailUrl\":\"https:\\\/\\\/herbstfest-bullingerplatz.ch\\\/wp-content\\\/uploads\\\/2019\\\/09\\\/Bullinger.jpg\",\"datePublished\":\"2019-09-24T14:59:33+00:00\",\"dateModified\":\"2023-09-01T09:01:19+00:00\",\"breadcrumb\":{\"@id\":\"https:\\\/\\\/herbstfest-bullingerplatz.ch\\\/index.php\\\/geschichte\\\/#breadcrumb\"},\"inLanguage\":\"de-CH\",\"potentialAction\":[{\"@type\":\"ReadAction\",\"target\":[\"https:\\\/\\\/herbstfest-bullingerplatz.ch\\\/index.php\\\/geschichte\\\/\"]}]},{\"@type\":\"ImageObject\",\"inLanguage\":\"de-CH\",\"@id\":\"https:\\\/\\\/herbstfest-bullingerplatz.ch\\\/index.php\\\/geschichte\\\/#primaryimage\",\"url\":\"https:\\\/\\\/herbstfest-bullingerplatz.ch\\\/wp-content\\\/uploads\\\/2019\\\/09\\\/Bullinger.jpg\",\"contentUrl\":\"https:\\\/\\\/herbstfest-bullingerplatz.ch\\\/wp-content\\\/uploads\\\/2019\\\/09\\\/Bullinger.jpg\",\"width\":768,\"height\":576,\"caption\":\"Bullingerplatz\\\/Bullingerbrunnen \u00a9 COPYRIGHT 2019 \u2013 F.Taiana (TAF)\"},{\"@type\":\"BreadcrumbList\",\"@id\":\"https:\\\/\\\/herbstfest-bullingerplatz.ch\\\/index.php\\\/geschichte\\\/#breadcrumb\",\"itemListElement\":[{\"@type\":\"ListItem\",\"position\":1,\"name\":\"Startseite\",\"item\":\"https:\\\/\\\/herbstfest-bullingerplatz.ch\\\/\"},{\"@type\":\"ListItem\",\"position\":2,\"name\":\"Geschichte\"}]},{\"@type\":\"WebSite\",\"@id\":\"https:\\\/\\\/herbstfest-bullingerplatz.ch\\\/#website\",\"url\":\"https:\\\/\\\/herbstfest-bullingerplatz.ch\\\/\",\"name\":\"Herbstfest-Bullingerplatz\",\"description\":\"Das familienfreundliche Herbstfest an der ehemaligen Westtangente\",\"publisher\":{\"@id\":\"https:\\\/\\\/herbstfest-bullingerplatz.ch\\\/#organization\"},\"potentialAction\":[{\"@type\":\"SearchAction\",\"target\":{\"@type\":\"EntryPoint\",\"urlTemplate\":\"https:\\\/\\\/herbstfest-bullingerplatz.ch\\\/?s={search_term_string}\"},\"query-input\":{\"@type\":\"PropertyValueSpecification\",\"valueRequired\":true,\"valueName\":\"search_term_string\"}}],\"inLanguage\":\"de-CH\"},{\"@type\":\"Organization\",\"@id\":\"https:\\\/\\\/herbstfest-bullingerplatz.ch\\\/#organization\",\"name\":\"Herbstfest-Bullingerplatz\",\"url\":\"https:\\\/\\\/herbstfest-bullingerplatz.ch\\\/\",\"logo\":{\"@type\":\"ImageObject\",\"inLanguage\":\"de-CH\",\"@id\":\"https:\\\/\\\/herbstfest-bullingerplatz.ch\\\/#\\\/schema\\\/logo\\\/image\\\/\",\"url\":\"https:\\\/\\\/herbstfest-bullingerplatz.ch\\\/wp-content\\\/uploads\\\/2019\\\/09\\\/Schriftzug_Herbstfest_300_104-1.jpg\",\"contentUrl\":\"https:\\\/\\\/herbstfest-bullingerplatz.ch\\\/wp-content\\\/uploads\\\/2019\\\/09\\\/Schriftzug_Herbstfest_300_104-1.jpg\",\"width\":300,\"height\":104,\"caption\":\"Herbstfest-Bullingerplatz\"},\"image\":{\"@id\":\"https:\\\/\\\/herbstfest-bullingerplatz.ch\\\/#\\\/schema\\\/logo\\\/image\\\/\"},\"sameAs\":[\"https:\\\/\\\/www.facebook.com\\\/herbstfestbullingerplatz\\\/\"]}]}<\/script>\n<!-- \/ Yoast SEO plugin. -->","yoast_head_json":{"title":"Geschichte - Herbstfest Bullingerplatz","robots":{"index":"index","follow":"follow","max-snippet":"max-snippet:-1","max-image-preview":"max-image-preview:large","max-video-preview":"max-video-preview:-1"},"canonical":"https:\/\/herbstfest-bullingerplatz.ch\/index.php\/geschichte\/","og_locale":"de_DE","og_type":"article","og_title":"Geschichte - Herbstfest Bullingerplatz","og_description":"Geschichte zur Entstehung des Bullingerplatzes Der Bullingerplatz entstand in der Zwischenkriegszeit im Rahmen einer neuen Quartierentwicklung, Gleichzeitg entstanden im Quartier, aufgrund der damals herrschenden Wohnungsnot, grosse Wohnh\u00f6fe mit kosteng\u00fcnstigen Wohnungen durch verschiedene Baugenossenschaften. Der Bullingerplatz mit seinem Brunnen ist der Mittelpunkt des etwa 500 mal 500 Meter messenden Areals zwischen der Badener-, Hard-, Hohl- und Seebahnstrasse. Die sternf\u00f6rmige Strassenf\u00fchrung zum&#46;&#46;&#46;","og_url":"https:\/\/herbstfest-bullingerplatz.ch\/index.php\/geschichte\/","og_site_name":"Herbstfest Bullingerplatz","article_publisher":"https:\/\/www.facebook.com\/herbstfestbullingerplatz\/","article_modified_time":"2023-09-01T09:01:19+00:00","og_image":[{"url":"https:\/\/herbstfest-bullingerplatz.ch\/wp-content\/uploads\/2019\/09\/Bullinger.jpg","type":"","width":"","height":""}],"twitter_card":"summary_large_image","twitter_misc":{"Gesch\u00e4tzte Lesezeit":"2\u00a0Minuten"},"schema":{"@context":"https:\/\/schema.org","@graph":[{"@type":"WebPage","@id":"https:\/\/herbstfest-bullingerplatz.ch\/index.php\/geschichte\/","url":"https:\/\/herbstfest-bullingerplatz.ch\/index.php\/geschichte\/","name":"Geschichte - Herbstfest Bullingerplatz","isPartOf":{"@id":"https:\/\/herbstfest-bullingerplatz.ch\/#website"},"primaryImageOfPage":{"@id":"https:\/\/herbstfest-bullingerplatz.ch\/index.php\/geschichte\/#primaryimage"},"image":{"@id":"https:\/\/herbstfest-bullingerplatz.ch\/index.php\/geschichte\/#primaryimage"},"thumbnailUrl":"https:\/\/herbstfest-bullingerplatz.ch\/wp-content\/uploads\/2019\/09\/Bullinger.jpg","datePublished":"2019-09-24T14:59:33+00:00","dateModified":"2023-09-01T09:01:19+00:00","breadcrumb":{"@id":"https:\/\/herbstfest-bullingerplatz.ch\/index.php\/geschichte\/#breadcrumb"},"inLanguage":"de-CH","potentialAction":[{"@type":"ReadAction","target":["https:\/\/herbstfest-bullingerplatz.ch\/index.php\/geschichte\/"]}]},{"@type":"ImageObject","inLanguage":"de-CH","@id":"https:\/\/herbstfest-bullingerplatz.ch\/index.php\/geschichte\/#primaryimage","url":"https:\/\/herbstfest-bullingerplatz.ch\/wp-content\/uploads\/2019\/09\/Bullinger.jpg","contentUrl":"https:\/\/herbstfest-bullingerplatz.ch\/wp-content\/uploads\/2019\/09\/Bullinger.jpg","width":768,"height":576,"caption":"Bullingerplatz\/Bullingerbrunnen \u00a9 COPYRIGHT 2019 \u2013 F.Taiana (TAF)"},{"@type":"BreadcrumbList","@id":"https:\/\/herbstfest-bullingerplatz.ch\/index.php\/geschichte\/#breadcrumb","itemListElement":[{"@type":"ListItem","position":1,"name":"Startseite","item":"https:\/\/herbstfest-bullingerplatz.ch\/"},{"@type":"ListItem","position":2,"name":"Geschichte"}]},{"@type":"WebSite","@id":"https:\/\/herbstfest-bullingerplatz.ch\/#website","url":"https:\/\/herbstfest-bullingerplatz.ch\/","name":"Herbstfest-Bullingerplatz","description":"Das familienfreundliche Herbstfest an der ehemaligen Westtangente","publisher":{"@id":"https:\/\/herbstfest-bullingerplatz.ch\/#organization"},"potentialAction":[{"@type":"SearchAction","target":{"@type":"EntryPoint","urlTemplate":"https:\/\/herbstfest-bullingerplatz.ch\/?s={search_term_string}"},"query-input":{"@type":"PropertyValueSpecification","valueRequired":true,"valueName":"search_term_string"}}],"inLanguage":"de-CH"},{"@type":"Organization","@id":"https:\/\/herbstfest-bullingerplatz.ch\/#organization","name":"Herbstfest-Bullingerplatz","url":"https:\/\/herbstfest-bullingerplatz.ch\/","logo":{"@type":"ImageObject","inLanguage":"de-CH","@id":"https:\/\/herbstfest-bullingerplatz.ch\/#\/schema\/logo\/image\/","url":"https:\/\/herbstfest-bullingerplatz.ch\/wp-content\/uploads\/2019\/09\/Schriftzug_Herbstfest_300_104-1.jpg","contentUrl":"https:\/\/herbstfest-bullingerplatz.ch\/wp-content\/uploads\/2019\/09\/Schriftzug_Herbstfest_300_104-1.jpg","width":300,"height":104,"caption":"Herbstfest-Bullingerplatz"},"image":{"@id":"https:\/\/herbstfest-bullingerplatz.ch\/#\/schema\/logo\/image\/"},"sameAs":["https:\/\/www.facebook.com\/herbstfestbullingerplatz\/"]}]}},"_links":{"self":[{"href":"https:\/\/herbstfest-bullingerplatz.ch\/index.php\/wp-json\/wp\/v2\/pages\/5","targetHints":{"allow":["GET"]}}],"collection":[{"href":"https:\/\/herbstfest-bullingerplatz.ch\/index.php\/wp-json\/wp\/v2\/pages"}],"about":[{"href":"https:\/\/herbstfest-bullingerplatz.ch\/index.php\/wp-json\/wp\/v2\/types\/page"}],"author":[{"embeddable":true,"href":"https:\/\/herbstfest-bullingerplatz.ch\/index.php\/wp-json\/wp\/v2\/users\/1"}],"replies":[{"embeddable":true,"href":"https:\/\/herbstfest-bullingerplatz.ch\/index.php\/wp-json\/wp\/v2\/comments?post=5"}],"version-history":[{"count":0,"href":"https:\/\/herbstfest-bullingerplatz.ch\/index.php\/wp-json\/wp\/v2\/pages\/5\/revisions"}],"wp:attachment":[{"href":"https:\/\/herbstfest-bullingerplatz.ch\/index.php\/wp-json\/wp\/v2\/media?parent=5"}],"curies":[{"name":"wp","href":"https:\/\/api.w.org\/{rel}","templated":true}]}}