{"id":13,"date":"2019-09-24T15:00:44","date_gmt":"2019-09-24T15:00:44","guid":{"rendered":"https:\/\/herbstfest-bullingerplatz.ch\/?page_id=13"},"modified":"2026-04-14T12:24:07","modified_gmt":"2026-04-14T11:24:07","slug":"sponsoren","status":"publish","type":"page","link":"https:\/\/herbstfest-bullingerplatz.ch\/index.php\/sponsoren\/","title":{"rendered":"Sponsoren"},"content":{"rendered":"<p><strong><span style=\"font-family: helvetica,arial,sans-serif; font-size: 20px;\">Das Herbstfest Bullingerplatz 2024 dankt den Sponsorinnen und Sponsoren f\u00fcr ihre grossz\u00fcgige Unterst\u00fctzung<\/span><\/strong><\/p>\n<p>\u200b<\/p>\n<p>\u200b<\/p>\n<p>&nbsp;<\/p>\n<table style=\"width: 100%; border-collapse: collapse; border-style: none; background-color: #ffffff; height: 1022px;\">\n<tbody>\n<tr style=\"border-style: none; background-color: #ffffff; border-color: #ffffff;\">\n<td style=\"width: 33.3333%; border-style: none; border-color: #ffffff; background-color: #ffffff; height: 114px;\"><img decoding=\"async\" class=\"alignnone size-medium wp-image-42\" src=\"https:\/\/herbstfest-bullingerplatz.ch\/wp-content\/uploads\/2019\/09\/Praxis-Bullinger-300x46.jpg\" alt=\"Praxis Bullingerplatz\" width=\"300\" height=\"46\" \/><\/td>\n<td style=\"width: 33.3333%; border-color: #ffffff; background-color: #ffffff; border-style: none; height: 114px;\"><img decoding=\"async\" class=\"alignnone size-full wp-image-32\" src=\"https:\/\/herbstfest-bullingerplatz.ch\/wp-content\/uploads\/2019\/09\/Barranco.jpg\" alt=\"Logo Restaurant Barranco\" width=\"293\" height=\"108\" \/><\/td>\n<td style=\"width: 33.3333%; border-color: #ffffff; background-color: #ffffff; border-style: none; height: 114px;\"><img decoding=\"async\" class=\"alignnone size-full wp-image-33\" src=\"https:\/\/herbstfest-bullingerplatz.ch\/wp-content\/uploads\/2019\/09\/bonheur_gueggel_kupferrot_mit_Schriftzug_107_220.jpg\" alt=\"Logo Caf\u00e9 du Bonheur\" width=\"220\" height=\"107\" \/><\/td>\n<\/tr>\n<tr style=\"border-color: #ffffff; background-color: #ffffff;\">\n<td style=\"width: 33.3333%; border-style: none; background-color: #ffffff; border-color: #ffffff; height: 76px;\"><a href=\"https:\/\/gbmz.ch\/\" target=\"_blank\" rel=\"noopener\"><img loading=\"lazy\" decoding=\"async\" class=\"\" src=\"https:\/\/herbstfest-bullingerplatz.ch\/wp-content\/uploads\/2024\/08\/GBMZ.png\" alt=\"\" width=\"311\" height=\"78\" \/><\/a><\/td>\n<td style=\"width: 33.3333%; border-style: none; background-color: #ffffff; height: 76px;\"><img loading=\"lazy\" decoding=\"async\" class=\"\" src=\"https:\/\/herbstfest-bullingerplatz.ch\/wp-content\/uploads\/2024\/08\/Fontana_Logo_farbig.png\" width=\"316\" height=\"96\" \/><\/td>\n<td style=\"width: 33.3333%; border-color: #ffffff; background-color: #ffffff; border-style: none; height: 76px;\"><img loading=\"lazy\" decoding=\"async\" class=\"alignnone wp-image-75\" src=\"https:\/\/herbstfest-bullingerplatz.ch\/wp-content\/uploads\/2019\/09\/ABZ-Logo.jpg\" alt=\"ABZ-Logo\" width=\"264\" height=\"86\" \/><\/td>\n<\/tr>\n<tr style=\"border-style: none; border-color: #ffffff; background-color: #ffffff;\">\n<td style=\"width: 33.3333%; border-color: #ffffff; background-color: #ffffff; border-style: none; height: 89px;\"><a href=\"https:\/\/engagement.migros.ch\/de\/kulturprozent\" target=\"_blank\" rel=\"noopener\"><img loading=\"lazy\" decoding=\"async\" class=\"\" src=\"https:\/\/herbstfest-bullingerplatz.ch\/wp-content\/uploads\/2024\/08\/Migros_Kulturprozent.png\" width=\"303\" height=\"89\" \/><\/a><\/td>\n<td style=\"width: 33.3333%; border-style: none; border-color: #ffffff; background-color: #ffffff; height: 89px;\"><a href=\"https:\/\/promusig.ch\/\" target=\"_blank\" rel=\"noopener\"><img decoding=\"async\" src=\"https:\/\/herbstfest-bullingerplatz.ch\/wp-content\/uploads\/2024\/08\/Promusig.jpg\" alt=\"\" \/><\/a><\/td>\n<td style=\"width: 33.3333%; border-style: none; border-color: #ffffff; background-color: #ffffff; height: 89px;\"><a href=\"https:\/\/www.rotach.ch\/home\" target=\"_blank\" rel=\"noopener\"><img loading=\"lazy\" decoding=\"async\" class=\"\" src=\"https:\/\/herbstfest-bullingerplatz.ch\/wp-content\/uploads\/2024\/08\/Baugenossenschaft_Rotach.png\" alt=\"\" width=\"268\" height=\"103\" \/><\/a><\/td>\n<\/tr>\n<tr style=\"border-color: #ffffff; background-color: #ffffff; border-style: none;\">\n<td style=\"width: 33.3333%; border-style: none; border-color: #ffffff; background-color: #ffffff; height: 249px;\"><a href=\"https:\/\/8004.ch\" target=\"_blank\" rel=\"noopener\"><img loading=\"lazy\" decoding=\"async\" class=\"\" src=\"https:\/\/herbstfest-bullingerplatz.ch\/wp-content\/uploads\/2026\/04\/QV-KREIS4-blue-jpg.png\" alt=\"\" width=\"198\" height=\"198\" \/><\/a><\/td>\n<td style=\"width: 33.3333%; border-style: none; border-color: #ffffff; background-color: #ffffff; height: 249px;\"><a href=\"https:\/\/prokaffeemaschine.ch\/\" target=\"_blank\" rel=\"noopener\"><img loading=\"lazy\" decoding=\"async\" class=\"\" src=\"https:\/\/herbstfest-bullingerplatz.ch\/wp-content\/uploads\/2024\/08\/Pro_Kaffeemaschine.png\" alt=\"\" width=\"213\" height=\"194\" \/><\/a><\/td>\n<td style=\"width: 33.3333%; border-color: #ffffff; background-color: #ffffff; border-style: none; height: 249px;\">&nbsp;<\/p>\n<p><a href=\"https:\/\/www.spross.com\/garten\/gartenbau\" target=\"_blank\" rel=\"noopener\"><img loading=\"lazy\" decoding=\"async\" class=\"\" src=\"https:\/\/herbstfest-bullingerplatz.ch\/wp-content\/uploads\/2024\/08\/Spross.png\" alt=\"\" width=\"249\" height=\"84\" \/><\/a><\/td>\n<\/tr>\n<tr style=\"border-color: #ffffff; background-color: #ffffff; border-style: none;\">\n<td style=\"width: 33.3333%; border-style: none; border-color: #ffffff; background-color: #ffffff; height: 74px;\"><a href=\"https:\/\/www.stadt-zuerich.ch\/sozialdepartement\" target=\"_blank\" rel=\"noopener\"><img loading=\"lazy\" decoding=\"async\" class=\"\" src=\"https:\/\/herbstfest-bullingerplatz.ch\/wp-content\/uploads\/2024\/08\/Stadt_Zuerich_Sozialdepartement.png\" width=\"375\" height=\"96\" \/><\/a><\/td>\n<td style=\"width: 33.3333%; border-style: none; border-color: #ffffff; background-color: #ffffff; height: 74px;\"><a href=\"https:\/\/www.flughafebeck.ch\" target=\"_blank\" rel=\"noopener noreferrer\"><img loading=\"lazy\" decoding=\"async\" class=\"alignnone size-full wp-image-47\" src=\"https:\/\/herbstfest-bullingerplatz.ch\/wp-content\/uploads\/2019\/09\/steiner-Flughafen.jpg\" alt=\"Logo Steiner Flughafenbeck\" width=\"263\" height=\"68\" \/><\/a><\/td>\n<td style=\"width: 33.3333%; border-color: #ffffff; background-color: #ffffff; border-style: none; height: 74px;\"><a href=\"http:\/\/faeh.ag\" target=\"_blank\" rel=\"noopener\"><img loading=\"lazy\" decoding=\"async\" class=\"alignnone size-medium wp-image-551\" src=\"https:\/\/herbstfest-bullingerplatz.ch\/wp-content\/uploads\/2022\/09\/FaehAG1024_1-300x166.jpg\" alt=\"\" width=\"300\" height=\"166\" srcset=\"https:\/\/herbstfest-bullingerplatz.ch\/wp-content\/uploads\/2022\/09\/FaehAG1024_1-300x166.jpg 300w, https:\/\/herbstfest-bullingerplatz.ch\/wp-content\/uploads\/2022\/09\/FaehAG1024_1-768x425.jpg 768w, https:\/\/herbstfest-bullingerplatz.ch\/wp-content\/uploads\/2022\/09\/FaehAG1024_1.jpg 1024w\" sizes=\"(max-width: 300px) 100vw, 300px\" \/><\/a><\/td>\n<\/tr>\n<tr style=\"border-style: none; border-color: #ffffff; background-color: #ffffff;\">\n<td style=\"width: 33.3333%; border-style: none; border-color: #ffffff; background-color: #ffffff; height: 226px;\"><a href=\"https:\/\/reformiert-zuerich.ch\/-4\/kirchenkreis-4--5\/aktuell~1718\/sie-erreichen-uns-wie-folgt\/39605\/\" target=\"_blank\" rel=\"noopener noreferrer\"><img loading=\"lazy\" decoding=\"async\" class=\"alignnone wp-image-44 size-full\" src=\"https:\/\/herbstfest-bullingerplatz.ch\/wp-content\/uploads\/2019\/09\/reformierte-kirche.jpg\" alt=\"Logo Reformierte Kirche\" width=\"229\" height=\"92\" \/><\/a><\/td>\n<td style=\"width: 33.3333%; border-style: none; border-color: #ffffff; background-color: #ffffff; height: 226px;\"><a href=\"https:\/\/www.maximtheater.ch\/\" target=\"_blank\" rel=\"noopener\"><img decoding=\"async\" src=\"https:\/\/herbstfest-bullingerplatz.ch\/wp-content\/uploads\/2023\/09\/Logo_Maxim_Theater.png\" alt=\"\" \/><\/a><\/td>\n<td style=\"width: 33.3333%; border-color: #ffffff; background-color: #ffffff; border-style: none; height: 226px;\"><a href=\"https:\/\/knabenhans-ag.ch\/\" target=\"_blank\" rel=\"noopener\"><img decoding=\"async\" class=\"\" src=\"https:\/\/herbstfest-bullingerplatz.ch\/wp-content\/uploads\/2023\/09\/logo_knabenhans_V2.png\" alt=\"\" \/><\/a><\/td>\n<\/tr>\n<tr style=\"height: 172px;\">\n<td style=\"width: 33.3333%; border-style: none; border-color: #ffffff; background-color: #ffffff; height: 172px;\"><a href=\"https:\/\/www.docteurgabs.ch\/de\/\" target=\"_blank\" rel=\"noopener\"><img decoding=\"async\" src=\"https:\/\/herbstfest-bullingerplatz.ch\/wp-content\/uploads\/2024\/08\/Dr_Gabs.png\" \/><\/a><\/td>\n<td style=\"width: 33.3333%; border-style: none; border-color: #ffffff; background-color: #ffffff; height: 172px;\"><a href=\"https:\/\/www.umverkehr.ch\/\" target=\"_blank\" rel=\"noopener\"><img decoding=\"async\" src=\"https:\/\/herbstfest-bullingerplatz.ch\/wp-content\/uploads\/2023\/09\/Logo_umverkehr2.png\" alt=\"\" \/><\/a><\/td>\n<td style=\"width: 33.3333%; border-color: #ffffff; background-color: #ffffff; border-style: none; height: 172px;\"><\/td>\n<\/tr>\n<tr style=\"height: 22px;\">\n<td style=\"width: 33.3333%; border-style: none; border-color: #ffffff; background-color: #ffffff; height: 22px;\"><\/td>\n<td style=\"width: 33.3333%; border-style: none; border-color: #ffffff; background-color: #ffffff; height: 22px;\"><\/td>\n<td style=\"width: 33.3333%; border-color: #ffffff; background-color: #ffffff; border-style: none; height: 22px;\"><\/td>\n<\/tr>\n<\/tbody>\n<\/table>\n<p>&nbsp;<\/p>\n","protected":false},"excerpt":{"rendered":"<p>Das Herbstfest Bullingerplatz 2024 dankt den Sponsorinnen und Sponsoren f\u00fcr ihre grossz\u00fcgige Unterst\u00fctzung \u200b \u200b &nbsp; &nbsp; &nbsp;<\/p>\n","protected":false},"author":1,"featured_media":0,"parent":0,"menu_order":0,"comment_status":"closed","ping_status":"closed","template":"","meta":{"footnotes":""},"class_list":["post-13","page","type-page","status-publish","hentry"],"yoast_head":"<!-- This site is optimized with the Yoast SEO plugin v27.4 - https:\/\/yoast.com\/product\/yoast-seo-wordpress\/ -->\n<title>Sponsoren - Herbstfest Bullingerplatz<\/title>\n<meta name=\"description\" content=\"Hier finden sie die Logos und Link zu den Websetiten unserer Sponsoren. Wir danken ihnen ganz herzlich f\u00fcr die Unterst\u00fctzung vom Herbstfest-Bullingerplatz.\" \/>\n<meta name=\"robots\" content=\"index, follow, max-snippet:-1, max-image-preview:large, max-video-preview:-1\" \/>\n<link rel=\"canonical\" href=\"https:\/\/herbstfest-bullingerplatz.ch\/index.php\/sponsoren\/\" \/>\n<meta property=\"og:locale\" content=\"de_DE\" \/>\n<meta property=\"og:type\" content=\"article\" \/>\n<meta property=\"og:title\" content=\"Sponsoren - Herbstfest Bullingerplatz\" \/>\n<meta property=\"og:description\" content=\"Hier finden sie die Logos und Link zu den Websetiten unserer Sponsoren. Wir danken ihnen ganz herzlich f\u00fcr die Unterst\u00fctzung vom Herbstfest-Bullingerplatz.\" \/>\n<meta property=\"og:url\" content=\"https:\/\/herbstfest-bullingerplatz.ch\/index.php\/sponsoren\/\" \/>\n<meta property=\"og:site_name\" content=\"Herbstfest Bullingerplatz\" \/>\n<meta property=\"article:publisher\" content=\"https:\/\/www.facebook.com\/herbstfestbullingerplatz\/\" \/>\n<meta property=\"article:modified_time\" content=\"2026-04-14T11:24:07+00:00\" \/>\n<meta property=\"og:image\" content=\"https:\/\/herbstfest-bullingerplatz.ch\/wp-content\/uploads\/2019\/09\/Praxis-Bullinger.jpg\" \/>\n\t<meta property=\"og:image:width\" content=\"300\" \/>\n\t<meta property=\"og:image:height\" content=\"46\" \/>\n\t<meta property=\"og:image:type\" content=\"image\/jpeg\" \/>\n<meta name=\"twitter:card\" content=\"summary_large_image\" \/>\n<meta name=\"twitter:label1\" content=\"Gesch\u00e4tzte Lesezeit\" \/>\n\t<meta name=\"twitter:data1\" content=\"5\u00a0Minuten\" \/>\n<script type=\"application\/ld+json\" class=\"yoast-schema-graph\">{\"@context\":\"https:\\\/\\\/schema.org\",\"@graph\":[{\"@type\":\"WebPage\",\"@id\":\"https:\\\/\\\/herbstfest-bullingerplatz.ch\\\/index.php\\\/sponsoren\\\/\",\"url\":\"https:\\\/\\\/herbstfest-bullingerplatz.ch\\\/index.php\\\/sponsoren\\\/\",\"name\":\"Sponsoren - Herbstfest Bullingerplatz\",\"isPartOf\":{\"@id\":\"https:\\\/\\\/herbstfest-bullingerplatz.ch\\\/#website\"},\"primaryImageOfPage\":{\"@id\":\"https:\\\/\\\/herbstfest-bullingerplatz.ch\\\/index.php\\\/sponsoren\\\/#primaryimage\"},\"image\":{\"@id\":\"https:\\\/\\\/herbstfest-bullingerplatz.ch\\\/index.php\\\/sponsoren\\\/#primaryimage\"},\"thumbnailUrl\":\"https:\\\/\\\/herbstfest-bullingerplatz.ch\\\/wp-content\\\/uploads\\\/2019\\\/09\\\/Praxis-Bullinger-300x46.jpg\",\"datePublished\":\"2019-09-24T15:00:44+00:00\",\"dateModified\":\"2026-04-14T11:24:07+00:00\",\"description\":\"Hier finden sie die Logos und Link zu den Websetiten unserer Sponsoren. Wir danken ihnen ganz herzlich f\u00fcr die Unterst\u00fctzung vom Herbstfest-Bullingerplatz.\",\"breadcrumb\":{\"@id\":\"https:\\\/\\\/herbstfest-bullingerplatz.ch\\\/index.php\\\/sponsoren\\\/#breadcrumb\"},\"inLanguage\":\"de-CH\",\"potentialAction\":[{\"@type\":\"ReadAction\",\"target\":[\"https:\\\/\\\/herbstfest-bullingerplatz.ch\\\/index.php\\\/sponsoren\\\/\"]}]},{\"@type\":\"ImageObject\",\"inLanguage\":\"de-CH\",\"@id\":\"https:\\\/\\\/herbstfest-bullingerplatz.ch\\\/index.php\\\/sponsoren\\\/#primaryimage\",\"url\":\"https:\\\/\\\/herbstfest-bullingerplatz.ch\\\/wp-content\\\/uploads\\\/2019\\\/09\\\/Praxis-Bullinger.jpg\",\"contentUrl\":\"https:\\\/\\\/herbstfest-bullingerplatz.ch\\\/wp-content\\\/uploads\\\/2019\\\/09\\\/Praxis-Bullinger.jpg\",\"width\":300,\"height\":46,\"caption\":\"Praxis Bullingerplatz\"},{\"@type\":\"BreadcrumbList\",\"@id\":\"https:\\\/\\\/herbstfest-bullingerplatz.ch\\\/index.php\\\/sponsoren\\\/#breadcrumb\",\"itemListElement\":[{\"@type\":\"ListItem\",\"position\":1,\"name\":\"Startseite\",\"item\":\"https:\\\/\\\/herbstfest-bullingerplatz.ch\\\/\"},{\"@type\":\"ListItem\",\"position\":2,\"name\":\"Sponsoren\"}]},{\"@type\":\"WebSite\",\"@id\":\"https:\\\/\\\/herbstfest-bullingerplatz.ch\\\/#website\",\"url\":\"https:\\\/\\\/herbstfest-bullingerplatz.ch\\\/\",\"name\":\"Herbstfest-Bullingerplatz\",\"description\":\"Das familienfreundliche Herbstfest an der ehemaligen Westtangente\",\"publisher\":{\"@id\":\"https:\\\/\\\/herbstfest-bullingerplatz.ch\\\/#organization\"},\"potentialAction\":[{\"@type\":\"SearchAction\",\"target\":{\"@type\":\"EntryPoint\",\"urlTemplate\":\"https:\\\/\\\/herbstfest-bullingerplatz.ch\\\/?s={search_term_string}\"},\"query-input\":{\"@type\":\"PropertyValueSpecification\",\"valueRequired\":true,\"valueName\":\"search_term_string\"}}],\"inLanguage\":\"de-CH\"},{\"@type\":\"Organization\",\"@id\":\"https:\\\/\\\/herbstfest-bullingerplatz.ch\\\/#organization\",\"name\":\"Herbstfest-Bullingerplatz\",\"url\":\"https:\\\/\\\/herbstfest-bullingerplatz.ch\\\/\",\"logo\":{\"@type\":\"ImageObject\",\"inLanguage\":\"de-CH\",\"@id\":\"https:\\\/\\\/herbstfest-bullingerplatz.ch\\\/#\\\/schema\\\/logo\\\/image\\\/\",\"url\":\"https:\\\/\\\/herbstfest-bullingerplatz.ch\\\/wp-content\\\/uploads\\\/2019\\\/09\\\/Schriftzug_Herbstfest_300_104-1.jpg\",\"contentUrl\":\"https:\\\/\\\/herbstfest-bullingerplatz.ch\\\/wp-content\\\/uploads\\\/2019\\\/09\\\/Schriftzug_Herbstfest_300_104-1.jpg\",\"width\":300,\"height\":104,\"caption\":\"Herbstfest-Bullingerplatz\"},\"image\":{\"@id\":\"https:\\\/\\\/herbstfest-bullingerplatz.ch\\\/#\\\/schema\\\/logo\\\/image\\\/\"},\"sameAs\":[\"https:\\\/\\\/www.facebook.com\\\/herbstfestbullingerplatz\\\/\"]}]}<\/script>\n<!-- \/ Yoast SEO plugin. -->","yoast_head_json":{"title":"Sponsoren - Herbstfest Bullingerplatz","description":"Hier finden sie die Logos und Link zu den Websetiten unserer Sponsoren. Wir danken ihnen ganz herzlich f\u00fcr die Unterst\u00fctzung vom Herbstfest-Bullingerplatz.","robots":{"index":"index","follow":"follow","max-snippet":"max-snippet:-1","max-image-preview":"max-image-preview:large","max-video-preview":"max-video-preview:-1"},"canonical":"https:\/\/herbstfest-bullingerplatz.ch\/index.php\/sponsoren\/","og_locale":"de_DE","og_type":"article","og_title":"Sponsoren - Herbstfest Bullingerplatz","og_description":"Hier finden sie die Logos und Link zu den Websetiten unserer Sponsoren. Wir danken ihnen ganz herzlich f\u00fcr die Unterst\u00fctzung vom Herbstfest-Bullingerplatz.","og_url":"https:\/\/herbstfest-bullingerplatz.ch\/index.php\/sponsoren\/","og_site_name":"Herbstfest Bullingerplatz","article_publisher":"https:\/\/www.facebook.com\/herbstfestbullingerplatz\/","article_modified_time":"2026-04-14T11:24:07+00:00","og_image":[{"width":300,"height":46,"url":"https:\/\/herbstfest-bullingerplatz.ch\/wp-content\/uploads\/2019\/09\/Praxis-Bullinger.jpg","type":"image\/jpeg"}],"twitter_card":"summary_large_image","twitter_misc":{"Gesch\u00e4tzte Lesezeit":"5\u00a0Minuten"},"schema":{"@context":"https:\/\/schema.org","@graph":[{"@type":"WebPage","@id":"https:\/\/herbstfest-bullingerplatz.ch\/index.php\/sponsoren\/","url":"https:\/\/herbstfest-bullingerplatz.ch\/index.php\/sponsoren\/","name":"Sponsoren - Herbstfest Bullingerplatz","isPartOf":{"@id":"https:\/\/herbstfest-bullingerplatz.ch\/#website"},"primaryImageOfPage":{"@id":"https:\/\/herbstfest-bullingerplatz.ch\/index.php\/sponsoren\/#primaryimage"},"image":{"@id":"https:\/\/herbstfest-bullingerplatz.ch\/index.php\/sponsoren\/#primaryimage"},"thumbnailUrl":"https:\/\/herbstfest-bullingerplatz.ch\/wp-content\/uploads\/2019\/09\/Praxis-Bullinger-300x46.jpg","datePublished":"2019-09-24T15:00:44+00:00","dateModified":"2026-04-14T11:24:07+00:00","description":"Hier finden sie die Logos und Link zu den Websetiten unserer Sponsoren. Wir danken ihnen ganz herzlich f\u00fcr die Unterst\u00fctzung vom Herbstfest-Bullingerplatz.","breadcrumb":{"@id":"https:\/\/herbstfest-bullingerplatz.ch\/index.php\/sponsoren\/#breadcrumb"},"inLanguage":"de-CH","potentialAction":[{"@type":"ReadAction","target":["https:\/\/herbstfest-bullingerplatz.ch\/index.php\/sponsoren\/"]}]},{"@type":"ImageObject","inLanguage":"de-CH","@id":"https:\/\/herbstfest-bullingerplatz.ch\/index.php\/sponsoren\/#primaryimage","url":"https:\/\/herbstfest-bullingerplatz.ch\/wp-content\/uploads\/2019\/09\/Praxis-Bullinger.jpg","contentUrl":"https:\/\/herbstfest-bullingerplatz.ch\/wp-content\/uploads\/2019\/09\/Praxis-Bullinger.jpg","width":300,"height":46,"caption":"Praxis Bullingerplatz"},{"@type":"BreadcrumbList","@id":"https:\/\/herbstfest-bullingerplatz.ch\/index.php\/sponsoren\/#breadcrumb","itemListElement":[{"@type":"ListItem","position":1,"name":"Startseite","item":"https:\/\/herbstfest-bullingerplatz.ch\/"},{"@type":"ListItem","position":2,"name":"Sponsoren"}]},{"@type":"WebSite","@id":"https:\/\/herbstfest-bullingerplatz.ch\/#website","url":"https:\/\/herbstfest-bullingerplatz.ch\/","name":"Herbstfest-Bullingerplatz","description":"Das familienfreundliche Herbstfest an der ehemaligen Westtangente","publisher":{"@id":"https:\/\/herbstfest-bullingerplatz.ch\/#organization"},"potentialAction":[{"@type":"SearchAction","target":{"@type":"EntryPoint","urlTemplate":"https:\/\/herbstfest-bullingerplatz.ch\/?s={search_term_string}"},"query-input":{"@type":"PropertyValueSpecification","valueRequired":true,"valueName":"search_term_string"}}],"inLanguage":"de-CH"},{"@type":"Organization","@id":"https:\/\/herbstfest-bullingerplatz.ch\/#organization","name":"Herbstfest-Bullingerplatz","url":"https:\/\/herbstfest-bullingerplatz.ch\/","logo":{"@type":"ImageObject","inLanguage":"de-CH","@id":"https:\/\/herbstfest-bullingerplatz.ch\/#\/schema\/logo\/image\/","url":"https:\/\/herbstfest-bullingerplatz.ch\/wp-content\/uploads\/2019\/09\/Schriftzug_Herbstfest_300_104-1.jpg","contentUrl":"https:\/\/herbstfest-bullingerplatz.ch\/wp-content\/uploads\/2019\/09\/Schriftzug_Herbstfest_300_104-1.jpg","width":300,"height":104,"caption":"Herbstfest-Bullingerplatz"},"image":{"@id":"https:\/\/herbstfest-bullingerplatz.ch\/#\/schema\/logo\/image\/"},"sameAs":["https:\/\/www.facebook.com\/herbstfestbullingerplatz\/"]}]}},"_links":{"self":[{"href":"https:\/\/herbstfest-bullingerplatz.ch\/index.php\/wp-json\/wp\/v2\/pages\/13","targetHints":{"allow":["GET"]}}],"collection":[{"href":"https:\/\/herbstfest-bullingerplatz.ch\/index.php\/wp-json\/wp\/v2\/pages"}],"about":[{"href":"https:\/\/herbstfest-bullingerplatz.ch\/index.php\/wp-json\/wp\/v2\/types\/page"}],"author":[{"embeddable":true,"href":"https:\/\/herbstfest-bullingerplatz.ch\/index.php\/wp-json\/wp\/v2\/users\/1"}],"replies":[{"embeddable":true,"href":"https:\/\/herbstfest-bullingerplatz.ch\/index.php\/wp-json\/wp\/v2\/comments?post=13"}],"version-history":[{"count":0,"href":"https:\/\/herbstfest-bullingerplatz.ch\/index.php\/wp-json\/wp\/v2\/pages\/13\/revisions"}],"wp:attachment":[{"href":"https:\/\/herbstfest-bullingerplatz.ch\/index.php\/wp-json\/wp\/v2\/media?parent=13"}],"curies":[{"name":"wp","href":"https:\/\/api.w.org\/{rel}","templated":true}]}}